{"id":660,"date":"2025-07-01T09:47:29","date_gmt":"2025-07-01T07:47:29","guid":{"rendered":"https:\/\/www.varalja.sk\/contact\/"},"modified":"2025-07-23T14:46:08","modified_gmt":"2025-07-23T12:46:08","slug":"contact-varalja","status":"publish","type":"page","link":"https:\/\/www.varalja.sk\/en\/contact-varalja\/","title":{"rendered":"Contact"},"content":{"rendered":"<div id=\"pl-gb660-69fa2ae2e0b4a\"  class=\"panel-layout\" ><div id=\"pg-gb660-69fa2ae2e0b4a-0\"  class=\"panel-grid panel-no-style\" ><div id=\"pgc-gb660-69fa2ae2e0b4a-0-0\"  class=\"panel-grid-cell\" ><div id=\"panel-gb660-69fa2ae2e0b4a-0-0-0\" class=\"so-panel widget widget_sow-editor panel-first-child panel-last-child\" data-index=\"0\" ><div\n\t\t\t\n\t\t\tclass=\"so-widget-sow-editor so-widget-sow-editor-base\"\n\t\t\t\n\t\t>\n<div class=\"siteorigin-widget-tinymce textwidget\">\n\t<h3 style=\"text-align: center;\">Invoicing data<\/h3>\n<p style=\"text-align: center;\"><strong>Varalja 1, s.r.o.<\/strong><br \/>Tom\u00e1\u0161ikova 58, 080 01 Pre\u0161ov, Slovak Republic<\/p>\n<p style=\"text-align: center;\">I\u010cO: 53702824, DI\u010c: 2121475818, I\u010c DPH: SK2121475818<\/p>\n<\/div>\n<\/div><\/div><\/div><\/div><\/div>","protected":false},"excerpt":{"rendered":"<p>Invoicing data Varalja 1, s.r.o.Tom\u00e1\u0161ikova 58, 080 01 Pre\u0161ov, Slovak Republic I\u010cO: 53702824, DI\u010c: 2121475818, I\u010c DPH: SK2121475818<\/p>\n","protected":false},"author":1,"featured_media":0,"parent":0,"menu_order":0,"comment_status":"closed","ping_status":"closed","template":"","meta":{"_acf_changed":false,"footnotes":""},"class_list":["post-660","page","type-page","status-publish","hentry"],"acf":[],"yoast_head":"<!-- This site is optimized with the Yoast SEO plugin v25.5 - https:\/\/yoast.com\/wordpress\/plugins\/seo\/ -->\n<title>Contact - Varalja<\/title>\n<meta name=\"robots\" content=\"index, follow, max-snippet:-1, max-image-preview:large, max-video-preview:-1\" \/>\n<link rel=\"canonical\" href=\"https:\/\/www.varalja.sk\/en\/contact-varalja\/\" \/>\n<meta property=\"og:locale\" content=\"en_US\" \/>\n<meta property=\"og:type\" content=\"article\" \/>\n<meta property=\"og:title\" content=\"Contact - Varalja\" \/>\n<meta property=\"og:description\" content=\"Invoicing data Varalja 1, s.r.o.Tom\u00e1\u0161ikova 58, 080 01 Pre\u0161ov, Slovak Republic I\u010cO: 53702824, DI\u010c: 2121475818, I\u010c DPH: SK2121475818\" \/>\n<meta property=\"og:url\" content=\"https:\/\/www.varalja.sk\/en\/contact-varalja\/\" \/>\n<meta property=\"og:site_name\" content=\"Varalja\" \/>\n<meta property=\"article:modified_time\" content=\"2025-07-23T12:46:08+00:00\" \/>\n<meta name=\"twitter:card\" content=\"summary_large_image\" \/>\n<script type=\"application\/ld+json\" class=\"yoast-schema-graph\">{\"@context\":\"https:\/\/schema.org\",\"@graph\":[{\"@type\":\"WebPage\",\"@id\":\"https:\/\/www.varalja.sk\/en\/contact-varalja\/\",\"url\":\"https:\/\/www.varalja.sk\/en\/contact-varalja\/\",\"name\":\"Contact - Varalja\",\"isPartOf\":{\"@id\":\"https:\/\/www.varalja.sk\/#website\"},\"datePublished\":\"2025-07-01T07:47:29+00:00\",\"dateModified\":\"2025-07-23T12:46:08+00:00\",\"breadcrumb\":{\"@id\":\"https:\/\/www.varalja.sk\/en\/contact-varalja\/#breadcrumb\"},\"inLanguage\":\"en-US\",\"potentialAction\":[{\"@type\":\"ReadAction\",\"target\":[\"https:\/\/www.varalja.sk\/en\/contact-varalja\/\"]}]},{\"@type\":\"BreadcrumbList\",\"@id\":\"https:\/\/www.varalja.sk\/en\/contact-varalja\/#breadcrumb\",\"itemListElement\":[{\"@type\":\"ListItem\",\"position\":1,\"name\":\"Domovsk\u00e1 str\u00e1nka\",\"item\":\"https:\/\/www.varalja.sk\/en\/\"},{\"@type\":\"ListItem\",\"position\":2,\"name\":\"Contact\"}]},{\"@type\":\"WebSite\",\"@id\":\"https:\/\/www.varalja.sk\/#website\",\"url\":\"https:\/\/www.varalja.sk\/\",\"name\":\"Varalja\",\"description\":\"\",\"potentialAction\":[{\"@type\":\"SearchAction\",\"target\":{\"@type\":\"EntryPoint\",\"urlTemplate\":\"https:\/\/www.varalja.sk\/?s={search_term_string}\"},\"query-input\":{\"@type\":\"PropertyValueSpecification\",\"valueRequired\":true,\"valueName\":\"search_term_string\"}}],\"inLanguage\":\"en-US\"}]}<\/script>\n<!-- \/ Yoast SEO plugin. -->","yoast_head_json":{"title":"Contact - Varalja","robots":{"index":"index","follow":"follow","max-snippet":"max-snippet:-1","max-image-preview":"max-image-preview:large","max-video-preview":"max-video-preview:-1"},"canonical":"https:\/\/www.varalja.sk\/en\/contact-varalja\/","og_locale":"en_US","og_type":"article","og_title":"Contact - Varalja","og_description":"Invoicing data Varalja 1, s.r.o.Tom\u00e1\u0161ikova 58, 080 01 Pre\u0161ov, Slovak Republic I\u010cO: 53702824, DI\u010c: 2121475818, I\u010c DPH: SK2121475818","og_url":"https:\/\/www.varalja.sk\/en\/contact-varalja\/","og_site_name":"Varalja","article_modified_time":"2025-07-23T12:46:08+00:00","twitter_card":"summary_large_image","schema":{"@context":"https:\/\/schema.org","@graph":[{"@type":"WebPage","@id":"https:\/\/www.varalja.sk\/en\/contact-varalja\/","url":"https:\/\/www.varalja.sk\/en\/contact-varalja\/","name":"Contact - Varalja","isPartOf":{"@id":"https:\/\/www.varalja.sk\/#website"},"datePublished":"2025-07-01T07:47:29+00:00","dateModified":"2025-07-23T12:46:08+00:00","breadcrumb":{"@id":"https:\/\/www.varalja.sk\/en\/contact-varalja\/#breadcrumb"},"inLanguage":"en-US","potentialAction":[{"@type":"ReadAction","target":["https:\/\/www.varalja.sk\/en\/contact-varalja\/"]}]},{"@type":"BreadcrumbList","@id":"https:\/\/www.varalja.sk\/en\/contact-varalja\/#breadcrumb","itemListElement":[{"@type":"ListItem","position":1,"name":"Domovsk\u00e1 str\u00e1nka","item":"https:\/\/www.varalja.sk\/en\/"},{"@type":"ListItem","position":2,"name":"Contact"}]},{"@type":"WebSite","@id":"https:\/\/www.varalja.sk\/#website","url":"https:\/\/www.varalja.sk\/","name":"Varalja","description":"","potentialAction":[{"@type":"SearchAction","target":{"@type":"EntryPoint","urlTemplate":"https:\/\/www.varalja.sk\/?s={search_term_string}"},"query-input":{"@type":"PropertyValueSpecification","valueRequired":true,"valueName":"search_term_string"}}],"inLanguage":"en-US"}]}},"_links":{"self":[{"href":"https:\/\/www.varalja.sk\/en\/wp-json\/wp\/v2\/pages\/660","targetHints":{"allow":["GET"]}}],"collection":[{"href":"https:\/\/www.varalja.sk\/en\/wp-json\/wp\/v2\/pages"}],"about":[{"href":"https:\/\/www.varalja.sk\/en\/wp-json\/wp\/v2\/types\/page"}],"author":[{"embeddable":true,"href":"https:\/\/www.varalja.sk\/en\/wp-json\/wp\/v2\/users\/1"}],"replies":[{"embeddable":true,"href":"https:\/\/www.varalja.sk\/en\/wp-json\/wp\/v2\/comments?post=660"}],"version-history":[{"count":6,"href":"https:\/\/www.varalja.sk\/en\/wp-json\/wp\/v2\/pages\/660\/revisions"}],"predecessor-version":[{"id":666,"href":"https:\/\/www.varalja.sk\/en\/wp-json\/wp\/v2\/pages\/660\/revisions\/666"}],"wp:attachment":[{"href":"https:\/\/www.varalja.sk\/en\/wp-json\/wp\/v2\/media?parent=660"}],"curies":[{"name":"wp","href":"https:\/\/api.w.org\/{rel}","templated":true}]}}